{"id":6266,"date":"2019-11-26T09:25:26","date_gmt":"2019-11-26T09:25:26","guid":{"rendered":"http:\/\/consulting.stylemixthemes.com\/demo\/?page_id=6266"},"modified":"2019-11-26T09:25:26","modified_gmt":"2019-11-26T09:25:26","slug":"services-grid-3","status":"publish","type":"page","link":"https:\/\/prana.vidaembc.com.br\/index.php\/services-grid-3\/","title":{"rendered":"Services Grid 3"},"content":{"rendered":"\t\t<div data-elementor-type=\"wp-page\" data-elementor-id=\"6266\" class=\"elementor elementor-6266 elementor-bc-flex-widget\">\n\t\t\t\t\t\t\t\t\t<section class=\"elementor-section elementor-top-section elementor-element elementor-element-cf0449e elementor-section-boxed elementor-section-height-default elementor-section-height-default\" data-id=\"cf0449e\" data-element_type=\"section\">\n\t\t\t\t\t\t<div class=\"elementor-container elementor-column-gap-default\">\n\t\t\t\t\t<div class=\"elementor-column elementor-col-100 elementor-top-column elementor-element elementor-element-cf04a81\" data-id=\"cf04a81\" data-element_type=\"column\">\n\t\t\t<div class=\"elementor-widget-wrap elementor-element-populated\">\n\t\t\t\t\t\t\t\t<div class=\"elementor-element elementor-element-cf04f46 elementor-widget elementor-widget-stm_services\" data-id=\"cf04f46\" data-element_type=\"widget\" data-widget_type=\"stm_services.default\">\n\t\t\t\t<div class=\"elementor-widget-container\">\n\t\t\t\n    <div class=\"stm_services consulting_elementor_services style_6 cols_3\">\n                                <div class=\"item\">\n                <div class=\"item_wr\">\n                                            \n                        <div class=\"item_thumbnail\">\n                            <a href=\"https:\/\/prana.vidaembc.com.br\/index.php\/service\/atendimento-integrativo-individual\/\">\n                                <img src='https:\/\/prana.vidaembc.com.br\/wp-content\/uploads\/2016\/06\/placeholder.gif' alt='theme_placeholder' \/>                            <\/a>\n                                                    <\/div>\n                                                            <div class=\"content\" >\n                                                                            <h5>\n                                <a href=\"https:\/\/prana.vidaembc.com.br\/index.php\/service\/atendimento-integrativo-individual\/\"\n                                                                       class=\"text_decoration_none secondary_font_color_hv\">Atendimento integrativo individual<\/a>\n                            <\/h5>\n                                                                            <p>S\u00e3o dois encontros por chamada de v\u00eddeo com agendamento pr\u00e9vio nos intervalos de 15 dias.<\/p>\n                                                                            <a class=\"read_more\"\n                               href=\"https:\/\/prana.vidaembc.com.br\/index.php\/service\/atendimento-integrativo-individual\/\" >\n                                <span>read more<\/span>\n                                <i class=\" fa fa-chevron-right stm_icon\"><\/i>\n                            <\/a>\n                                            <\/div>\n                <\/div>\n            <\/div>\n                                <div class=\"item\">\n                <div class=\"item_wr\">\n                                            \n                        <div class=\"item_thumbnail\">\n                            <a href=\"https:\/\/prana.vidaembc.com.br\/index.php\/service\/project-insurances\/\">\n                                <img src='https:\/\/prana.vidaembc.com.br\/wp-content\/uploads\/2016\/06\/placeholder.gif' alt='theme_placeholder' \/>                            <\/a>\n                                                    <\/div>\n                                                            <div class=\"content\" >\n                                                                            <h5>\n                                <a href=\"https:\/\/prana.vidaembc.com.br\/index.php\/service\/project-insurances\/\"\n                                                                       class=\"text_decoration_none secondary_font_color_hv\">Project insurances<\/a>\n                            <\/h5>\n                                                                            <p>A project is a time-limited, independent entity which normally includes machinery, buildings and infrastructure.<\/p>\n                                                                            <a class=\"read_more\"\n                               href=\"https:\/\/prana.vidaembc.com.br\/index.php\/service\/project-insurances\/\" >\n                                <span>read more<\/span>\n                                <i class=\" fa fa-chevron-right stm_icon\"><\/i>\n                            <\/a>\n                                            <\/div>\n                <\/div>\n            <\/div>\n                                <div class=\"item\">\n                <div class=\"item_wr\">\n                                            \n                        <div class=\"item_thumbnail\">\n                            <a href=\"https:\/\/prana.vidaembc.com.br\/index.php\/service\/property-insurances\/\">\n                                <img src='https:\/\/prana.vidaembc.com.br\/wp-content\/uploads\/2016\/06\/placeholder.gif' alt='theme_placeholder' \/>                            <\/a>\n                                                    <\/div>\n                                                            <div class=\"content\" >\n                                                                            <h5>\n                                <a href=\"https:\/\/prana.vidaembc.com.br\/index.php\/service\/property-insurances\/\"\n                                                                       class=\"text_decoration_none secondary_font_color_hv\">Property Insurances<\/a>\n                            <\/h5>\n                                                                            <p>Protect your properties against most risks that can happen, such as fire, theft and some weather damage.<\/p>\n                                                                            <a class=\"read_more\"\n                               href=\"https:\/\/prana.vidaembc.com.br\/index.php\/service\/property-insurances\/\" >\n                                <span>read more<\/span>\n                                <i class=\" fa fa-chevron-right stm_icon\"><\/i>\n                            <\/a>\n                                            <\/div>\n                <\/div>\n            <\/div>\n            <\/div>\n\t\t<\/div>\n\t\t\t\t<\/div>\n\t\t\t\t\t<\/div>\n\t\t<\/div>\n\t\t\t\t\t\t\t<\/div>\n\t\t<\/section>\n\t\t\t\t\t\t\t<\/div>\n\t\t","protected":false},"excerpt":{"rendered":"<p>[vc_row][vc_column][stm_services posts_per_page=&#8221;12&#8243; posts_per_row=&#8221;3&#8243; img_size=&#8221;360&#215;180&#8243; style=&#8221;style_6&#8243;][\/vc_column][\/vc_row]<\/p>\n","protected":false},"author":1,"featured_media":0,"parent":0,"menu_order":0,"comment_status":"closed","ping_status":"closed","template":"","meta":[],"_links":{"self":[{"href":"https:\/\/prana.vidaembc.com.br\/index.php\/wp-json\/wp\/v2\/pages\/6266"}],"collection":[{"href":"https:\/\/prana.vidaembc.com.br\/index.php\/wp-json\/wp\/v2\/pages"}],"about":[{"href":"https:\/\/prana.vidaembc.com.br\/index.php\/wp-json\/wp\/v2\/types\/page"}],"author":[{"embeddable":true,"href":"https:\/\/prana.vidaembc.com.br\/index.php\/wp-json\/wp\/v2\/users\/1"}],"replies":[{"embeddable":true,"href":"https:\/\/prana.vidaembc.com.br\/index.php\/wp-json\/wp\/v2\/comments?post=6266"}],"version-history":[{"count":0,"href":"https:\/\/prana.vidaembc.com.br\/index.php\/wp-json\/wp\/v2\/pages\/6266\/revisions"}],"wp:attachment":[{"href":"https:\/\/prana.vidaembc.com.br\/index.php\/wp-json\/wp\/v2\/media?parent=6266"}],"curies":[{"name":"wp","href":"https:\/\/api.w.org\/{rel}","templated":true}]}}