{"id":558,"date":"2016-01-13T17:48:37","date_gmt":"2016-01-13T17:48:37","guid":{"rendered":"http:\/\/consulting.stylemixthemes.com\/demo\/?page_id=558"},"modified":"2016-01-13T17:48:37","modified_gmt":"2016-01-13T17:48:37","slug":"services-grid","status":"publish","type":"page","link":"https:\/\/prana.vidaembc.com.br\/index.php\/services-grid\/","title":{"rendered":"Services"},"content":{"rendered":"\t\t<div data-elementor-type=\"wp-page\" data-elementor-id=\"558\" class=\"elementor elementor-558 elementor-bc-flex-widget\">\n\t\t\t\t\t\t\t\t\t<section class=\"elementor-section elementor-top-section elementor-element elementor-element-7118143 elementor-section-boxed elementor-section-height-default elementor-section-height-default\" data-id=\"7118143\" data-element_type=\"section\" data-settings=\"{&quot;background_background&quot;:&quot;classic&quot;}\">\n\t\t\t\t\t\t<div class=\"elementor-container elementor-column-gap-default\">\n\t\t\t\t\t<div class=\"elementor-column elementor-col-100 elementor-top-column elementor-element elementor-element-7118742\" data-id=\"7118742\" data-element_type=\"column\">\n\t\t\t<div class=\"elementor-widget-wrap elementor-element-populated\">\n\t\t\t\t\t\t\t\t<div class=\"elementor-element elementor-element-7118ba0 elementor-widget elementor-widget-stm_services\" data-id=\"7118ba0\" data-element_type=\"widget\" data-widget_type=\"stm_services.default\">\n\t\t\t\t<div class=\"elementor-widget-container\">\n\t\t\t\n\n    <div class=\"stm_services consulting_elementor_services style_1 cols_3\">\n                    <div class=\"item\">\n                <div class=\"item_wr\">\n                                            \n                        <div class=\"item_thumbnail\">\n                            <a href=\"https:\/\/prana.vidaembc.com.br\/index.php\/service\/atendimento-integrativo-individual\/\">\n                                <img src='https:\/\/prana.vidaembc.com.br\/wp-content\/uploads\/2016\/06\/placeholder-255x182.gif' alt='theme_placeholder' \/>                            <\/a>\n                                                    <\/div>\n                                                            <div class=\"content\" >\n                                                    <h5><a href=\"https:\/\/prana.vidaembc.com.br\/index.php\/service\/atendimento-integrativo-individual\/\"  >Atendimento integrativo individual<\/a><\/h5>\n                                                                                                    <p>S\u00e3o dois encontros por chamada de v\u00eddeo com agendamento pr\u00e9vio nos intervalos de 15 dias.<\/p>\n                                                                            <a class=\"read_more\"\n                               href=\"https:\/\/prana.vidaembc.com.br\/index.php\/service\/atendimento-integrativo-individual\/\" >\n                                <span>read more<\/span>\n                                <i class=\"fa fa-chevron-right\"><\/i>\n                            <\/a>\n                                            <\/div>\n                <\/div>\n            <\/div>\n                    <div class=\"item\">\n                <div class=\"item_wr\">\n                                            \n                        <div class=\"item_thumbnail\">\n                            <a href=\"https:\/\/prana.vidaembc.com.br\/index.php\/service\/project-insurances\/\">\n                                <img src='https:\/\/prana.vidaembc.com.br\/wp-content\/uploads\/2016\/06\/placeholder-255x182.gif' alt='theme_placeholder' \/>                            <\/a>\n                                                    <\/div>\n                                                            <div class=\"content\" >\n                                                    <h5><a href=\"https:\/\/prana.vidaembc.com.br\/index.php\/service\/project-insurances\/\"  >Project insurances<\/a><\/h5>\n                                                                                                    <p>A project is a time-limited, independent entity which normally includes machinery, buildings and infrastructure.<\/p>\n                                                                            <a class=\"read_more\"\n                               href=\"https:\/\/prana.vidaembc.com.br\/index.php\/service\/project-insurances\/\" >\n                                <span>read more<\/span>\n                                <i class=\"fa fa-chevron-right\"><\/i>\n                            <\/a>\n                                            <\/div>\n                <\/div>\n            <\/div>\n                    <div class=\"item\">\n                <div class=\"item_wr\">\n                                            \n                        <div class=\"item_thumbnail\">\n                            <a href=\"https:\/\/prana.vidaembc.com.br\/index.php\/service\/property-insurances\/\">\n                                <img src='https:\/\/prana.vidaembc.com.br\/wp-content\/uploads\/2016\/06\/placeholder-255x182.gif' alt='theme_placeholder' \/>                            <\/a>\n                                                    <\/div>\n                                                            <div class=\"content\" >\n                                                    <h5><a href=\"https:\/\/prana.vidaembc.com.br\/index.php\/service\/property-insurances\/\"  >Property Insurances<\/a><\/h5>\n                                                                                                    <p>Protect your properties against most risks that can happen, such as fire, theft and some weather damage.<\/p>\n                                                                            <a class=\"read_more\"\n                               href=\"https:\/\/prana.vidaembc.com.br\/index.php\/service\/property-insurances\/\" >\n                                <span>read more<\/span>\n                                <i class=\"fa fa-chevron-right\"><\/i>\n                            <\/a>\n                                            <\/div>\n                <\/div>\n            <\/div>\n            <\/div>\n\t\t<\/div>\n\t\t\t\t<\/div>\n\t\t\t\t\t<\/div>\n\t\t<\/div>\n\t\t\t\t<div class=\"elementor-column elementor-col-25 elementor-top-column elementor-element elementor-element-7118c3e elementor-hidden-tablet elementor-hidden-phone\" data-id=\"7118c3e\" data-element_type=\"column\">\n\t\t\t<div class=\"elementor-widget-wrap elementor-element-populated\">\n\t\t\t\t\t\t\t\t<div class=\"elementor-element elementor-element-7119021 elementor-widget elementor-widget-stm_sidebar\" data-id=\"7119021\" data-element_type=\"widget\" data-widget_type=\"stm_sidebar.default\">\n\t\t\t\t<div class=\"elementor-widget-container\">\n\t\t\t\n<div class=\"stm_sidebar consulting_elementor_sidebar\">\n\n            \t\t<div data-elementor-type=\"wp-post\" data-elementor-id=\"573\" class=\"elementor elementor-573\">\n\t\t\t\t\t\t\t\t\t<section class=\"elementor-section elementor-top-section elementor-element elementor-element-586c3e6 third_bg_color elementor-section-boxed elementor-section-height-default elementor-section-height-default\" data-id=\"586c3e6\" data-element_type=\"section\" data-settings=\"{&quot;background_background&quot;:&quot;classic&quot;}\">\n\t\t\t\t\t\t<div class=\"elementor-container elementor-column-gap-default\">\n\t\t\t\t\t<div class=\"elementor-column elementor-col-100 elementor-top-column elementor-element elementor-element-586c94e\" data-id=\"586c94e\" data-element_type=\"column\" data-settings=\"{&quot;background_background&quot;:&quot;classic&quot;}\">\n\t\t\t<div class=\"elementor-widget-wrap elementor-element-populated\">\n\t\t\t\t\t\t\t\t<div class=\"elementor-element elementor-element-586cd6d elementor-widget elementor-widget-vc_custom_heading\" data-id=\"586cd6d\" data-element_type=\"widget\" data-widget_type=\"vc_custom_heading.default\">\n\t\t\t\t<div class=\"elementor-widget-container\">\n\t\t\t<div class=\" vc_custom_heading  consulting_heading_font  text_align_left\" ><div style=\"font-size: 16px;color: #002e5b;text-align: left;font-weight:700\" class=\"consulting-custom-title\">How can we help you?\n<\/div><\/div>\t\t<\/div>\n\t\t\t\t<\/div>\n\t\t\t\t<div class=\"elementor-element elementor-element-586d080 elementor-widget elementor-widget-text-editor\" data-id=\"586d080\" data-element_type=\"widget\" data-widget_type=\"text-editor.default\">\n\t\t\t\t<div class=\"elementor-widget-container\">\n\t\t\t<style>\/*! elementor - v3.11.2 - 22-02-2023 *\/\n.elementor-widget-text-editor.elementor-drop-cap-view-stacked .elementor-drop-cap{background-color:#818a91;color:#fff}.elementor-widget-text-editor.elementor-drop-cap-view-framed .elementor-drop-cap{color:#818a91;border:3px solid;background-color:transparent}.elementor-widget-text-editor:not(.elementor-drop-cap-view-default) .elementor-drop-cap{margin-top:8px}.elementor-widget-text-editor:not(.elementor-drop-cap-view-default) .elementor-drop-cap-letter{width:1em;height:1em}.elementor-widget-text-editor .elementor-drop-cap{float:left;text-align:center;line-height:1;font-size:50px}.elementor-widget-text-editor .elementor-drop-cap-letter{display:inline-block}<\/style>\t\t\t\t<p><span style=\"font-size: 13px; line-height: 22px;\">Contact us at the Consulting WP office nearest to you or submit a business inquiry online.<\/span><\/p>\n\t\t\t\t\t\t<\/div>\n\t\t\t\t<\/div>\n\t\t\t\t<div class=\"elementor-element elementor-element-586d2b6 elementor-widget__width-auto elementor-widget elementor-widget-button\" data-id=\"586d2b6\" data-element_type=\"widget\" data-widget_type=\"button.default\">\n\t\t\t\t<div class=\"elementor-widget-container\">\n\t\t\t\t\t<div class=\"elementor-button-wrapper icon_align_left  \">\n\t\t\t<a href=\"#\" class=\"elementor-button-link elementor-button elementor-size-sm\" role=\"button\">\n\t\t\t\t\t\t<span class=\"elementor-button-content-wrapper\">\n\t\t\t\t\t\t\t<span class=\"elementor-button-icon elementor-align-icon-left\">\n\t\t\t\t<i aria-hidden=\"true\" class=\"fa fa-phone-square\"><\/i>\t\t\t<\/span>\n\t\t\t\t\t\t<span class=\"elementor-button-text\">contacts<\/span>\n\t\t<\/span>\n\t\t\t\t\t<\/a>\n\t\t<\/div>\n\t\t\t\t<\/div>\n\t\t\t\t<\/div>\n\t\t\t\t\t<\/div>\n\t\t<\/div>\n\t\t\t\t\t\t\t<\/div>\n\t\t<\/section>\n\t\t\t\t<section class=\"elementor-section elementor-top-section elementor-element elementor-element-586e00a elementor-section-boxed elementor-section-height-default elementor-section-height-default\" data-id=\"586e00a\" data-element_type=\"section\" data-settings=\"{&quot;background_background&quot;:&quot;classic&quot;}\">\n\t\t\t\t\t\t<div class=\"elementor-container elementor-column-gap-default\">\n\t\t\t\t\t<div class=\"elementor-column elementor-col-100 elementor-top-column elementor-element elementor-element-586e5c7\" data-id=\"586e5c7\" data-element_type=\"column\">\n\t\t\t<div class=\"elementor-widget-wrap elementor-element-populated\">\n\t\t\t\t\t\t\t\t<div class=\"elementor-element elementor-element-586ed7d elementor-align-left elementor-widget elementor-widget-button\" data-id=\"586ed7d\" data-element_type=\"widget\" data-widget_type=\"button.default\">\n\t\t\t\t<div class=\"elementor-widget-container\">\n\t\t\t\t\t<div class=\"elementor-button-wrapper icon_align_left  button_block\">\n\t\t\t<a href=\"#\" class=\"elementor-button-link elementor-button elementor-size-lg\" role=\"button\">\n\t\t\t\t\t\t<span class=\"elementor-button-content-wrapper\">\n\t\t\t\t\t\t\t<span class=\"elementor-button-icon elementor-align-icon-left\">\n\t\t\t\t<i aria-hidden=\"true\" class=\"fa fa-file-pdf-o\"><\/i>\t\t\t<\/span>\n\t\t\t\t\t\t<span class=\"elementor-button-text\">Company presentation<\/span>\n\t\t<\/span>\n\t\t\t\t\t<\/a>\n\t\t<\/div>\n\t\t\t\t<\/div>\n\t\t\t\t<\/div>\n\t\t\t\t<div class=\"elementor-element elementor-element-586fad1 elementor-widget elementor-widget-stm_testimonials\" data-id=\"586fad1\" data-element_type=\"widget\" data-widget_type=\"stm_testimonials.default\">\n\t\t\t\t<div class=\"elementor-widget-container\">\n\t\t\t\n\n            <div class=\"stm_testimonials consulting_elementor_testimonials style_1\">\n                            <div class=\"item\">\n                    <div class=\"testimonial\"><p>Consulting WP really helped us achieve our financial goals. The slick presentation along with fantastic readability ensures that our financial standing is stable.<\/p>\n<\/div>\n                    <div class=\"testimonial-info clearfix\">\n                        <div class=\"testimonial-image\"><img width=\"50\" height=\"50\" src=\"https:\/\/prana.vidaembc.com.br\/wp-content\/uploads\/2016\/06\/placeholder-50x50.gif\" class=\"attachment-consulting-image-50x50-croped size-consulting-image-50x50-croped wp-post-image\" alt=\"theme_placeholder\" decoding=\"async\" loading=\"lazy\" srcset=\"https:\/\/prana.vidaembc.com.br\/wp-content\/uploads\/2016\/06\/placeholder-50x50.gif 50w, https:\/\/prana.vidaembc.com.br\/wp-content\/uploads\/2016\/06\/placeholder-150x150.gif 150w, https:\/\/prana.vidaembc.com.br\/wp-content\/uploads\/2016\/06\/placeholder-320x320.gif 320w, https:\/\/prana.vidaembc.com.br\/wp-content\/uploads\/2016\/06\/placeholder-300x300.gif 300w, https:\/\/prana.vidaembc.com.br\/wp-content\/uploads\/2016\/06\/placeholder-100x100.gif 100w\" sizes=\"(max-width: 50px) 100vw, 50px\" \/><\/div>\n                        <div class=\"testimonial-text\">\n                            <div class=\"name\">Amanda Seyfried<\/div>\n                            <div class=\"company\">\n                            Sales &amp; MarketingSales &amp; Marketing, Alien Ltd.                            <\/div>\n                        <\/div>\n                    <\/div>\n                <\/div>\n                    <\/div>\n    \n\t\t<\/div>\n\t\t\t\t<\/div>\n\t\t\t\t<div class=\"elementor-element elementor-element-586fb70 elementor-widget elementor-widget-wp-widget-recent-posts\" data-id=\"586fb70\" data-element_type=\"widget\" data-widget_type=\"wp-widget-recent-posts.default\">\n\t\t\t\t<div class=\"elementor-widget-container\">\n\t\t\t<aside class='widget widget_recent_entries'>\n\t\t\n\t\t<h5 class=\"widget_title\">Posts recentes<\/h5>\n\t\t<ul>\n\t\t\t\t\t\t\t\t\t\t\t<li>\n\t\t\t\t\t<a href=\"https:\/\/prana.vidaembc.com.br\/index.php\/2023\/03\/04\/hello-world\/\">Hello world!<\/a>\n\t\t\t\t\t\t\t\t\t<\/li>\n\t\t\t\t\t\t\t\t\t\t\t<li>\n\t\t\t\t\t<a href=\"https:\/\/prana.vidaembc.com.br\/index.php\/2021\/01\/30\/harvest-great-ideas-from-your-companys-best-assets\/\">Harvest great ideas from your company\u2019s best assets<\/a>\n\t\t\t\t\t\t\t\t\t<\/li>\n\t\t\t\t\t\t\t\t\t\t\t<li>\n\t\t\t\t\t<a href=\"https:\/\/prana.vidaembc.com.br\/index.php\/2021\/01\/30\/three-social-media-hacks-for-the-busy-entrepreneur\/\">Three Social Media Hacks for the Busy Entrepreneur<\/a>\n\t\t\t\t\t\t\t\t\t<\/li>\n\t\t\t\t\t\t\t\t\t\t\t<li>\n\t\t\t\t\t<a href=\"https:\/\/prana.vidaembc.com.br\/index.php\/2021\/01\/30\/stick-with-your-concept-but-do-your-homework\/\">Stick with Your Concept but Do Your Homework<\/a>\n\t\t\t\t\t\t\t\t\t<\/li>\n\t\t\t\t\t\t\t\t\t\t\t<li>\n\t\t\t\t\t<a href=\"https:\/\/prana.vidaembc.com.br\/index.php\/2021\/01\/30\/seven-weeks-working-pro-bono-with-a-national-charity\/\">Seven weeks working &#8216;pro bono&#8217; with a charity<\/a>\n\t\t\t\t\t\t\t\t\t<\/li>\n\t\t\t\t\t<\/ul>\n\n\t\t<\/aside>\t\t<\/div>\n\t\t\t\t<\/div>\n\t\t\t\t\t<\/div>\n\t\t<\/div>\n\t\t\t\t\t\t\t<\/div>\n\t\t<\/section>\n\t\t\t\t\t\t\t<\/div>\n\t\t    \n<\/div>\t\t<\/div>\n\t\t\t\t<\/div>\n\t\t\t\t\t<\/div>\n\t\t<\/div>\n\t\t\t\t\t\t\t<\/div>\n\t\t<\/section>\n\t\t\t\t<section class=\"elementor-section elementor-top-section elementor-element elementor-element-71190ad third_bg_color elementor-section-boxed elementor-section-height-default elementor-section-height-default\" data-id=\"71190ad\" data-element_type=\"section\" data-settings=\"{&quot;background_background&quot;:&quot;classic&quot;}\">\n\t\t\t\t\t\t<div class=\"elementor-container elementor-column-gap-default\">\n\t\t\t\t\t<div class=\"elementor-column elementor-col-100 elementor-top-column elementor-element elementor-element-711953e\" data-id=\"711953e\" data-element_type=\"column\">\n\t\t\t<div class=\"elementor-widget-wrap elementor-element-populated\">\n\t\t\t\t\t\t\t\t<div class=\"elementor-element elementor-element-71198c9 elementor-widget elementor-widget-vc_cta\" data-id=\"71198c9\" data-element_type=\"widget\" data-widget_type=\"vc_cta.default\">\n\t\t\t\t<div class=\"elementor-widget-container\">\n\t\t\t\n<div class=\"ce_cta ce_cta_f6c2ab11cd4df0a7d468967294c9b75d ce_text_left third_bg_color add_button_right btn_align_right btn_button_block_true btn_has_icon btn_has_icon_on_the_right\" id=\"\">\n\n    <div class=\"ce_cta__content\">\n        <div class=\"ce_cta__content__header\">\n            <h2  class='ce_cta__content__title '>Looking for a First-Class Business Plan Consultant?<\/h2>                    <\/div>\n\n        \n    <\/div>\n\n    \n        <div class=\"ce_cta__action\">\n            <a href=\"#\"\n                              target=\"_self\"\n               class=\"button \">\n                <span>get a quote<\/span>\n                                    <i class=\"fa fa-chevron-right\"><\/i>\n                            <\/a>\n        <\/div>\n\n    \n<\/div>\n\t\t<\/div>\n\t\t\t\t<\/div>\n\t\t\t\t\t<\/div>\n\t\t<\/div>\n\t\t\t\t\t\t\t<\/div>\n\t\t<\/section>\n\t\t\t\t\t\t\t<\/div>\n\t\t","protected":false},"excerpt":{"rendered":"<p>[vc_row css=&#8221;.vc_custom_1452687555475{margin-bottom: 100px !important;}&#8221;][vc_column offset=&#8221;vc_col-lg-9 vc_col-md-9&#8243;][stm_services posts_per_page=&#8221;12&#8243; posts_per_row=&#8221;3&#8243;][\/vc_column][vc_column width=&#8221;1\/4&#8243; offset=&#8221;vc_hidden-sm vc_hidden-xs&#8221;][stm_sidebar sidebar=&#8221;573&#8243;][\/vc_column][\/vc_row][vc_row full_width=&#8221;stretch_row&#8221; el_class=&#8221;third_bg_color&#8221; css=&#8221;.vc_custom_1451889219674{margin-bottom: -60px !important;}&#8221;][vc_column][vc_cta h2=&#8221;Looking for a First-Class Business Plan Consultant?&#8221; h2_font_container=&#8221;font_size:20px|color:%23ffffff|line_height:24px&#8221; h2_use_theme_fonts=&#8221;yes&#8221; shape=&#8221;square&#8221; style=&#8221;flat&#8221; add_button=&#8221;right&#8221; btn_title=&#8221;get a quote&#8221; btn_style=&#8221;flat&#8221; btn_color=&#8221;theme_style_2&#8243; btn_align=&#8221;right&#8221; btn_i_align=&#8221;right&#8221; btn_i_icon_fontawesome=&#8221;fa fa-chevron-right&#8221; use_custom_fonts_h2=&#8221;true&#8221; btn_button_block=&#8221;true&#8221; btn_add_icon=&#8221;true&#8221; el_class=&#8221;third_bg_color&#8221; css=&#8221;.vc_custom_1612253178446{margin-bottom: 0px !important;}&#8221;][\/vc_cta][\/vc_column][\/vc_row]<\/p>\n","protected":false},"author":1,"featured_media":0,"parent":0,"menu_order":0,"comment_status":"closed","ping_status":"closed","template":"","meta":[],"_links":{"self":[{"href":"https:\/\/prana.vidaembc.com.br\/index.php\/wp-json\/wp\/v2\/pages\/558"}],"collection":[{"href":"https:\/\/prana.vidaembc.com.br\/index.php\/wp-json\/wp\/v2\/pages"}],"about":[{"href":"https:\/\/prana.vidaembc.com.br\/index.php\/wp-json\/wp\/v2\/types\/page"}],"author":[{"embeddable":true,"href":"https:\/\/prana.vidaembc.com.br\/index.php\/wp-json\/wp\/v2\/users\/1"}],"replies":[{"embeddable":true,"href":"https:\/\/prana.vidaembc.com.br\/index.php\/wp-json\/wp\/v2\/comments?post=558"}],"version-history":[{"count":0,"href":"https:\/\/prana.vidaembc.com.br\/index.php\/wp-json\/wp\/v2\/pages\/558\/revisions"}],"wp:attachment":[{"href":"https:\/\/prana.vidaembc.com.br\/index.php\/wp-json\/wp\/v2\/media?parent=558"}],"curies":[{"name":"wp","href":"https:\/\/api.w.org\/{rel}","templated":true}]}}